{"id":2362,"date":"2020-03-31T15:16:30","date_gmt":"2020-03-31T19:16:30","guid":{"rendered":"https:\/\/www.energipr.com\/?page_id=2362"},"modified":"2020-03-31T15:17:45","modified_gmt":"2020-03-31T19:17:45","slug":"politique-de-confidentialite","status":"publish","type":"page","link":"https:\/\/www.energipr.com\/fr\/politique-de-confidentialite\/","title":{"rendered":"Politique de confidentialit\u00e9"},"content":{"rendered":"\t\t<div data-elementor-type=\"wp-post\" data-elementor-id=\"2362\" class=\"elementor elementor-2362 elementor-2356\">\n\t\t\t\t\t\t<section class=\"elementor-section elementor-top-section elementor-element elementor-element-9b789a1 elementor-section-boxed elementor-section-height-default elementor-section-height-default\" data-id=\"9b789a1\" data-element_type=\"section\" data-e-type=\"section\">\n\t\t\t\t\t\t<div class=\"elementor-container elementor-column-gap-default\">\n\t\t\t\t\t<div class=\"elementor-column elementor-col-100 elementor-top-column elementor-element elementor-element-8f48794\" data-id=\"8f48794\" data-element_type=\"column\" data-e-type=\"column\">\n\t\t\t<div class=\"elementor-widget-wrap elementor-element-populated\">\n\t\t\t\t\t\t<div class=\"elementor-element elementor-element-b3922dd elementor-widget elementor-widget-text-editor\" data-id=\"b3922dd\" data-element_type=\"widget\" data-e-type=\"widget\" data-widget_type=\"text-editor.default\">\n\t\t\t\t<div class=\"elementor-widget-container\">\n\t\t\t\t\t\t\t\t\t<p style=\"text-align: left;\">Politique de confidentialit\u00e9<\/p>\t\t\t\t\t\t\t\t<\/div>\n\t\t\t\t<\/div>\n\t\t\t\t<div class=\"elementor-element elementor-element-3c5af22 elementor-widget elementor-widget-text-editor\" data-id=\"3c5af22\" data-element_type=\"widget\" data-e-type=\"widget\" data-widget_type=\"text-editor.default\">\n\t\t\t\t<div class=\"elementor-widget-container\">\n\t\t\t\t\t\t\t\t\t<p><strong>Collecte et utilisation d\u2019informations personnelles<\/strong><\/p><p>energi RP r\u00e9colte seulement des informations uniquement lorsque vous volontairement remplissez un formulaire de demande d\u2019information ou lorsque vous nous contactez par courriel.<\/p><p>On n&rsquo;utilisera jamais vos informations personnelles \u00e0 d&rsquo;autres fins que celles d\u00e9crites dans la pr\u00e9sente d\u00e9claration de confidentialit\u00e9 sans avoir pr\u00e9alablement obtenu votre consentement.<\/p><p>On se r\u00e9serve le droit de divulguer des renseignements concernant les utilisateurs de notre site afin de se conformer \u00e0 une loi ou \u00e0 une r\u00e9glementation, afin d\u2019assurer notre d\u00e9fense dans l&rsquo;\u00e9ventualit\u00e9 d\u2019une poursuite judiciaire ou afin de prot\u00e9ger nos droits ou ceux des utilisateurs de notre site.<\/p><p><strong>Liens externes<\/strong><\/p><p>Dans la mesure o\u00f9 nous avons un lien externe sur notre site Web, son contenu n&rsquo;est pas sous notre contr\u00f4le et on ne peut offrir aucune garantie quant \u00e0 l\u2019exactitude de cette information. Les liens externes pr\u00e9sents sur le site ne font l\u2019objet d\u2019aucune recommandation et sont pr\u00e9sent\u00e9s \u00e0 titre indicatif et informatif exclusivement. En tant que tel, energi RP n\u2019est pas responsable de l\u2019information qui se trouve \u00e0 l\u2019ext\u00e9rieur de son site. La pr\u00e9sente d\u00e9claration de confidentialit\u00e9 ne s\u2019applique pas \u00e0 ces sites Web externes.<\/p><p><strong>T\u00e9moins (\u00ab Cookies \u00bb)<\/strong><\/p><p>energi RP se r\u00e9serve le droit d\u2019utiliser des t\u00e9moins (\u00ab cookies \u00bb) sur son site Web. Vous pouvez d\u00e9sactiver la fonction des t\u00e9moins sur la plupart des fureteurs si vous ne souhaitez pas que nous les utilisions.<\/p><p>On se r\u00e9serve le droit de modifier cette politique de confidentialit\u00e9 en tout temps et sans pr\u00e9avis.<\/p>\t\t\t\t\t\t\t\t<\/div>\n\t\t\t\t<\/div>\n\t\t\t\t<div class=\"elementor-element elementor-element-d115e47 elementor-widget elementor-widget-spacer\" data-id=\"d115e47\" data-element_type=\"widget\" data-e-type=\"widget\" data-widget_type=\"spacer.default\">\n\t\t\t\t<div class=\"elementor-widget-container\">\n\t\t\t\t\t\t\t<div class=\"elementor-spacer\">\n\t\t\t<div class=\"elementor-spacer-inner\"><\/div>\n\t\t<\/div>\n\t\t\t\t\t\t<\/div>\n\t\t\t\t<\/div>\n\t\t\t\t\t<\/div>\n\t\t<\/div>\n\t\t\t\t\t<\/div>\n\t\t<\/section>\n\t\t\t\t<\/div>\n\t\t","protected":false},"excerpt":{"rendered":"<p>Politique de confidentialit\u00e9 Collecte et utilisation d\u2019informations personnelles energi RP r\u00e9colte seulement des informations uniquement lorsque vous volontairement remplissez un formulaire de demande d\u2019information ou lorsque vous nous contactez par courriel. On n&rsquo;utilisera jamais vos informations personnelles \u00e0 d&rsquo;autres fins que celles d\u00e9crites dans la pr\u00e9sente d\u00e9claration de confidentialit\u00e9 sans avoir pr\u00e9alablement obtenu votre consentement. [&hellip;]<\/p>\n","protected":false},"author":1,"featured_media":0,"parent":0,"menu_order":0,"comment_status":"closed","ping_status":"closed","template":"full-width.php","meta":{"_acf_changed":false,"footnotes":""},"class_list":["post-2362","page","type-page","status-publish","hentry"],"acf":[],"_links":{"self":[{"href":"https:\/\/www.energipr.com\/fr\/wp-json\/wp\/v2\/pages\/2362","targetHints":{"allow":["GET"]}}],"collection":[{"href":"https:\/\/www.energipr.com\/fr\/wp-json\/wp\/v2\/pages"}],"about":[{"href":"https:\/\/www.energipr.com\/fr\/wp-json\/wp\/v2\/types\/page"}],"author":[{"embeddable":true,"href":"https:\/\/www.energipr.com\/fr\/wp-json\/wp\/v2\/users\/1"}],"replies":[{"embeddable":true,"href":"https:\/\/www.energipr.com\/fr\/wp-json\/wp\/v2\/comments?post=2362"}],"version-history":[{"count":0,"href":"https:\/\/www.energipr.com\/fr\/wp-json\/wp\/v2\/pages\/2362\/revisions"}],"wp:attachment":[{"href":"https:\/\/www.energipr.com\/fr\/wp-json\/wp\/v2\/media?parent=2362"}],"curies":[{"name":"wp","href":"https:\/\/api.w.org\/{rel}","templated":true}]}}