{"id":2378,"date":"2020-03-31T15:35:47","date_gmt":"2020-03-31T19:35:47","guid":{"rendered":"https:\/\/www.energipr.com\/?page_id=2378"},"modified":"2023-07-25T18:08:50","modified_gmt":"2023-07-25T22:08:50","slug":"nous-joindre","status":"publish","type":"page","link":"https:\/\/www.energipr.com\/fr\/nous-joindre\/","title":{"rendered":"Nous joindre"},"content":{"rendered":"\t\t<div data-elementor-type=\"wp-post\" data-elementor-id=\"2378\" class=\"elementor elementor-2378 elementor-80\">\n\t\t\t\t\t\t<section class=\"elementor-section elementor-top-section elementor-element elementor-element-3013e96 elementor-section-boxed elementor-section-height-default elementor-section-height-default\" data-id=\"3013e96\" data-element_type=\"section\" data-e-type=\"section\">\n\t\t\t\t\t\t<div class=\"elementor-container elementor-column-gap-wider\">\n\t\t\t\t\t<div class=\"elementor-column elementor-col-50 elementor-top-column elementor-element elementor-element-e41f5f0\" data-id=\"e41f5f0\" data-element_type=\"column\" data-e-type=\"column\" data-settings=\"{&quot;background_background&quot;:&quot;classic&quot;}\">\n\t\t\t<div class=\"elementor-widget-wrap elementor-element-populated\">\n\t\t\t\t\t\t<div class=\"elementor-element elementor-element-de768e1 elementor-widget elementor-widget-image\" data-id=\"de768e1\" data-element_type=\"widget\" data-e-type=\"widget\" data-widget_type=\"image.default\">\n\t\t\t\t<div class=\"elementor-widget-container\">\n\t\t\t\t\t\t\t\t\t\t\t\t\t\t\t<img fetchpriority=\"high\" decoding=\"async\" width=\"1024\" height=\"890\" src=\"https:\/\/www.energipr.com\/wp-content\/uploads\/2020\/03\/banner-contact-1024x890.jpg\" class=\"attachment-large size-large wp-image-2036\" alt=\"contact energipr\" srcset=\"https:\/\/www.energipr.com\/wp-content\/uploads\/2020\/03\/banner-contact-1024x890.jpg 1024w, https:\/\/www.energipr.com\/wp-content\/uploads\/2020\/03\/banner-contact-300x261.jpg 300w, https:\/\/www.energipr.com\/wp-content\/uploads\/2020\/03\/banner-contact-768x667.jpg 768w, https:\/\/www.energipr.com\/wp-content\/uploads\/2020\/03\/banner-contact.jpg 1036w\" sizes=\"(max-width: 1024px) 100vw, 1024px\" \/>\t\t\t\t\t\t\t\t\t\t\t\t\t\t\t<\/div>\n\t\t\t\t<\/div>\n\t\t\t\t\t<\/div>\n\t\t<\/div>\n\t\t\t\t<div class=\"elementor-column elementor-col-50 elementor-top-column elementor-element elementor-element-774a449\" data-id=\"774a449\" data-element_type=\"column\" data-e-type=\"column\">\n\t\t\t<div class=\"elementor-widget-wrap elementor-element-populated\">\n\t\t\t\t\t\t<div class=\"elementor-element elementor-element-243acf1 elementor-widget-mobile__width-inherit elementor-widget elementor-widget-text-editor\" data-id=\"243acf1\" data-element_type=\"widget\" data-e-type=\"widget\" data-widget_type=\"text-editor.default\">\n\t\t\t\t<div class=\"elementor-widget-container\">\n\t\t\t\t\t\t\t\t\t<p><strong>\u00c9quipe virtuelle<\/strong><br \/>Toronto<br \/>Ottawa<br \/>Montr\u00e9al\u00a0<\/p>\t\t\t\t\t\t\t\t<\/div>\n\t\t\t\t<\/div>\n\t\t\t\t<div class=\"elementor-element elementor-element-559eee0 elementor-widget-mobile__width-inherit elementor-widget elementor-widget-text-editor\" data-id=\"559eee0\" data-element_type=\"widget\" data-e-type=\"widget\" data-widget_type=\"text-editor.default\">\n\t\t\t\t<div class=\"elementor-widget-container\">\n\t\t\t\t\t\t\t\t\t<p style=\"text-align: left;\"><strong>Adresse<\/strong> <strong>postale<\/strong><br \/>1700, boul. Ren\u00e9-L\u00e9vesque O.,<br \/>Bureau 606<br \/>Montr\u00e9al (Qu\u00e9bec)<br \/>Canada H3H 2V1<\/p>\t\t\t\t\t\t\t\t<\/div>\n\t\t\t\t<\/div>\n\t\t\t\t<div class=\"elementor-element elementor-element-fbbc6d1 elementor-widget elementor-widget-text-editor\" data-id=\"fbbc6d1\" data-element_type=\"widget\" data-e-type=\"widget\" data-widget_type=\"text-editor.default\">\n\t\t\t\t<div class=\"elementor-widget-container\">\n\t\t\t\t\t\t\t\t\t<p>416.425.9143<br \/><a href=\"mailto:energipr@energipr.com\">energipr@energipr.com<\/a><\/p>\t\t\t\t\t\t\t\t<\/div>\n\t\t\t\t<\/div>\n\t\t\t\t<div class=\"elementor-element elementor-element-d55aecf elementor-shape-circle e-grid-align-left elementor-grid-0 elementor-widget elementor-widget-social-icons\" data-id=\"d55aecf\" data-element_type=\"widget\" data-e-type=\"widget\" data-widget_type=\"social-icons.default\">\n\t\t\t\t<div class=\"elementor-widget-container\">\n\t\t\t\t\t\t\t<div class=\"elementor-social-icons-wrapper elementor-grid\" role=\"list\">\n\t\t\t\t\t\t\t<span class=\"elementor-grid-item\" role=\"listitem\">\n\t\t\t\t\t<a class=\"elementor-icon elementor-social-icon elementor-social-icon-facebook-f elementor-repeater-item-79c97e2\" href=\"https:\/\/www.facebook.com\/energiPR\" target=\"_blank\">\n\t\t\t\t\t\t<span class=\"elementor-screen-only\">Facebook-f<\/span>\n\t\t\t\t\t\t<i aria-hidden=\"true\" class=\"fab fa-facebook-f\"><\/i>\t\t\t\t\t<\/a>\n\t\t\t\t<\/span>\n\t\t\t\t\t\t\t<span class=\"elementor-grid-item\" role=\"listitem\">\n\t\t\t\t\t<a class=\"elementor-icon elementor-social-icon elementor-social-icon-twitter elementor-repeater-item-ec20199\" href=\"https:\/\/twitter.com\/energipr\" target=\"_blank\">\n\t\t\t\t\t\t<span class=\"elementor-screen-only\">Twitter<\/span>\n\t\t\t\t\t\t<i aria-hidden=\"true\" class=\"fab fa-twitter\"><\/i>\t\t\t\t\t<\/a>\n\t\t\t\t<\/span>\n\t\t\t\t\t\t\t<span class=\"elementor-grid-item\" role=\"listitem\">\n\t\t\t\t\t<a class=\"elementor-icon elementor-social-icon elementor-social-icon-linkedin-in elementor-repeater-item-df61916\" href=\"http:\/\/www.linkedin.com\/company\/energi-pr-rp-communications-digital\" target=\"_blank\">\n\t\t\t\t\t\t<span class=\"elementor-screen-only\">Linkedin-in<\/span>\n\t\t\t\t\t\t<i aria-hidden=\"true\" class=\"fab fa-linkedin-in\"><\/i>\t\t\t\t\t<\/a>\n\t\t\t\t<\/span>\n\t\t\t\t\t\t\t<span class=\"elementor-grid-item\" role=\"listitem\">\n\t\t\t\t\t<a class=\"elementor-icon elementor-social-icon elementor-social-icon-instagram elementor-repeater-item-5b713b8\" href=\"https:\/\/www.instagram.com\/energipr\" target=\"_blank\">\n\t\t\t\t\t\t<span class=\"elementor-screen-only\">Instagram<\/span>\n\t\t\t\t\t\t<i aria-hidden=\"true\" class=\"fab fa-instagram\"><\/i>\t\t\t\t\t<\/a>\n\t\t\t\t<\/span>\n\t\t\t\t\t<\/div>\n\t\t\t\t\t\t<\/div>\n\t\t\t\t<\/div>\n\t\t\t\t\t<\/div>\n\t\t<\/div>\n\t\t\t\t\t<\/div>\n\t\t<\/section>\n\t\t\t\t<section class=\"elementor-section elementor-top-section elementor-element elementor-element-db7cf08 elementor-section-boxed elementor-section-height-default elementor-section-height-default\" data-id=\"db7cf08\" data-element_type=\"section\" data-e-type=\"section\" data-settings=\"{&quot;background_background&quot;:&quot;classic&quot;}\">\n\t\t\t\t\t\t<div class=\"elementor-container elementor-column-gap-default\">\n\t\t\t\t\t<div class=\"elementor-column elementor-col-100 elementor-top-column elementor-element elementor-element-cda15b3\" data-id=\"cda15b3\" data-element_type=\"column\" data-e-type=\"column\">\n\t\t\t<div class=\"elementor-widget-wrap elementor-element-populated\">\n\t\t\t\t\t\t<div class=\"elementor-element elementor-element-d3d224f elementor-widget elementor-widget-text-editor\" data-id=\"d3d224f\" data-element_type=\"widget\" data-e-type=\"widget\" data-widget_type=\"text-editor.default\">\n\t\t\t\t<div class=\"elementor-widget-container\">\n\t\t\t\t\t\t\t\t\t<h2 style=\"text-align: left;\"><span style=\"color: #ffffff; line-height: 1.4em; font-size: 34px;\">Faites-nous profiter de votre <span style=\"color: #de4815; line-height: 1.4em; font-size: 34px;\">energi<\/span>!<\/span><\/h2><p style=\"text-align: left;\">Notre \u00e9quipe a l\u2019entrepreneuriat dans la peau. Nous valorisons la cr\u00e9ativit\u00e9, la responsabilisation et l\u2019excellence. Notre ind\u00e9pendance est le reflet de notre fa\u00e7on de penser, de notre processus d\u00e9cisionnel et de notre recherche de solutions. Notre \u00e9quipe est constamment \u00e0 la recherche d\u2019<span style=\"color: #de4815;\">energi<\/span> nouvelle pour produire des r\u00e9sultats toujours plus extraordinaires.<\/p><p style=\"text-align: left;\">Si vous avez de l\u2019<span style=\"color: #de4815;\">energi<\/span> \u00e0 revendre, nous voulons faire votre connaissance. Faites-nous parvenir votre lettre de pr\u00e9sentation et votre curriculum vit\u00e6 \u00e0 <a style=\"color: #de4815;\" href=\"mailto:careers@energipr.com\">careers@energipr.com<\/a>.<\/p>\t\t\t\t\t\t\t\t<\/div>\n\t\t\t\t<\/div>\n\t\t\t\t<div class=\"elementor-element elementor-element-3c768f1 elementor-align-left elementor-widget elementor-widget-button\" data-id=\"3c768f1\" data-element_type=\"widget\" data-e-type=\"widget\" data-widget_type=\"button.default\">\n\t\t\t\t<div class=\"elementor-widget-container\">\n\t\t\t\t\t\t\t\t\t<div class=\"elementor-button-wrapper\">\n\t\t\t\t\t<a class=\"elementor-button elementor-button-link elementor-size-md\" href=\"https:\/\/www.energipr.com\/fr\/carrieres\/\">\n\t\t\t\t\t\t<span class=\"elementor-button-content-wrapper\">\n\t\t\t\t\t\t\t\t\t<span class=\"elementor-button-text\">Postuler un poste<\/span>\n\t\t\t\t\t<\/span>\n\t\t\t\t\t<\/a>\n\t\t\t\t<\/div>\n\t\t\t\t\t\t\t\t<\/div>\n\t\t\t\t<\/div>\n\t\t\t\t\t<\/div>\n\t\t<\/div>\n\t\t\t\t\t<\/div>\n\t\t<\/section>\n\t\t\t\t<section class=\"elementor-section elementor-top-section elementor-element elementor-element-9a6ff76 elementor-section-boxed elementor-section-height-default elementor-section-height-default\" data-id=\"9a6ff76\" data-element_type=\"section\" data-e-type=\"section\">\n\t\t\t\t\t\t<div class=\"elementor-container elementor-column-gap-default\">\n\t\t\t\t\t<div class=\"elementor-column elementor-col-100 elementor-top-column elementor-element elementor-element-c4f6a0e\" data-id=\"c4f6a0e\" data-element_type=\"column\" data-e-type=\"column\">\n\t\t\t<div class=\"elementor-widget-wrap elementor-element-populated\">\n\t\t\t\t\t\t<div class=\"elementor-element elementor-element-64750c7 elementor-widget elementor-widget-spacer\" data-id=\"64750c7\" data-element_type=\"widget\" data-e-type=\"widget\" data-widget_type=\"spacer.default\">\n\t\t\t\t<div class=\"elementor-widget-container\">\n\t\t\t\t\t\t\t<div class=\"elementor-spacer\">\n\t\t\t<div class=\"elementor-spacer-inner\"><\/div>\n\t\t<\/div>\n\t\t\t\t\t\t<\/div>\n\t\t\t\t<\/div>\n\t\t\t\t\t<\/div>\n\t\t<\/div>\n\t\t\t\t\t<\/div>\n\t\t<\/section>\n\t\t\t\t<section class=\"elementor-section elementor-top-section elementor-element elementor-element-70d1fd4 elementor-section-boxed elementor-section-height-default elementor-section-height-default\" data-id=\"70d1fd4\" data-element_type=\"section\" data-e-type=\"section\">\n\t\t\t\t\t\t<div class=\"elementor-container elementor-column-gap-default\">\n\t\t\t\t\t<div class=\"elementor-column elementor-col-50 elementor-top-column elementor-element elementor-element-57a4402\" data-id=\"57a4402\" data-element_type=\"column\" data-e-type=\"column\">\n\t\t\t<div class=\"elementor-widget-wrap elementor-element-populated\">\n\t\t\t\t\t\t<div class=\"elementor-element elementor-element-a972410 elementor-widget elementor-widget-text-editor\" data-id=\"a972410\" data-element_type=\"widget\" data-e-type=\"widget\" data-widget_type=\"text-editor.default\">\n\t\t\t\t<div class=\"elementor-widget-container\">\n\t\t\t\t\t\t\t\t\t<h2 style=\"text-align: left;\">Notre <span style=\"color: #de4815;\">energi <\/span>nous permet de toujours \u00eatre \u00e0 l\u2019\u00e9coute.<\/h2><p style=\"text-align: left;\"><span style=\"margin-top: 8px; display: block;\">L\u2019\u00e9coute est la fondation m\u00eame des communications hautement sp\u00e9cialis\u00e9es. <br \/>Joignez-vous \u00e0 nous d\u00e8s aujourd\u2019hui.<br \/><\/span><\/p>\t\t\t\t\t\t\t\t<\/div>\n\t\t\t\t<\/div>\n\t\t\t\t\t<\/div>\n\t\t<\/div>\n\t\t\t\t<div class=\"elementor-column elementor-col-50 elementor-top-column elementor-element elementor-element-048660f\" data-id=\"048660f\" data-element_type=\"column\" data-e-type=\"column\">\n\t\t\t<div class=\"elementor-widget-wrap elementor-element-populated\">\n\t\t\t\t\t\t<div class=\"elementor-element elementor-element-414cfcd raven-form-button-align-spaced elementor-widget elementor-widget-raven-form\" data-id=\"414cfcd\" data-element_type=\"widget\" data-e-type=\"widget\" data-settings=\"{&quot;fields&quot;:[{&quot;label&quot;:&quot;Nom de l\\u2019entreprise &quot;,&quot;placeholder&quot;:&quot;Nom de l\\u2019entreprise &quot;,&quot;_id&quot;:&quot;5c47f0e&quot;,&quot;acceptance_text&quot;:null,&quot;required&quot;:&quot;true&quot;,&quot;width&quot;:&quot;75&quot;,&quot;width_tablet&quot;:&quot;100&quot;,&quot;step_previous_button&quot;:null,&quot;step_next_button&quot;:null,&quot;field_custom_id&quot;:&quot;5c47f0e&quot;,&quot;type&quot;:&quot;text&quot;,&quot;recaptcha_badge&quot;:null,&quot;recaptcha_theme&quot;:null,&quot;recaptcha_size&quot;:null,&quot;checked_by_default&quot;:null,&quot;min_time&quot;:null,&quot;max_time&quot;:null,&quot;min_date&quot;:null,&quot;max_date&quot;:null,&quot;localization&quot;:null,&quot;min&quot;:null,&quot;max&quot;:null,&quot;field_options&quot;:null,&quot;inline_list&quot;:null,&quot;field_html&quot;:null,&quot;native_html5&quot;:null,&quot;multiple_selection&quot;:null,&quot;rows&quot;:null,&quot;iti_tel&quot;:null,&quot;iti_tel_tel_type&quot;:null,&quot;iti_tel_require_area&quot;:null,&quot;iti_tel_allow_dropdown&quot;:null,&quot;iti_tel_country_include&quot;:null,&quot;iti_tel_ip_detect&quot;:null,&quot;iti_tel_internationalize&quot;:null,&quot;file_sizes&quot;:null,&quot;file_types&quot;:null,&quot;allow_multiple_upload&quot;:null,&quot;max_files&quot;:null,&quot;step_icon&quot;:null,&quot;field_value&quot;:&quot;&quot;},{&quot;label&quot;:&quot;Adresse de courriel&quot;,&quot;type&quot;:&quot;email&quot;,&quot;placeholder&quot;:&quot;Adresse de courriel&quot;,&quot;required&quot;:&quot;true&quot;,&quot;_id&quot;:&quot;af61d0a&quot;,&quot;acceptance_text&quot;:null,&quot;width&quot;:&quot;75&quot;,&quot;width_tablet&quot;:&quot;100&quot;,&quot;step_previous_button&quot;:null,&quot;step_next_button&quot;:null,&quot;field_custom_id&quot;:&quot;af61d0a&quot;,&quot;recaptcha_badge&quot;:null,&quot;recaptcha_theme&quot;:null,&quot;recaptcha_size&quot;:null,&quot;checked_by_default&quot;:null,&quot;min_time&quot;:null,&quot;max_time&quot;:null,&quot;min_date&quot;:null,&quot;max_date&quot;:null,&quot;localization&quot;:null,&quot;min&quot;:null,&quot;max&quot;:null,&quot;field_options&quot;:null,&quot;inline_list&quot;:null,&quot;field_html&quot;:null,&quot;native_html5&quot;:null,&quot;multiple_selection&quot;:null,&quot;rows&quot;:null,&quot;iti_tel&quot;:null,&quot;iti_tel_tel_type&quot;:null,&quot;iti_tel_require_area&quot;:null,&quot;iti_tel_allow_dropdown&quot;:null,&quot;iti_tel_country_include&quot;:null,&quot;iti_tel_ip_detect&quot;:null,&quot;iti_tel_internationalize&quot;:null,&quot;file_sizes&quot;:null,&quot;file_types&quot;:null,&quot;allow_multiple_upload&quot;:null,&quot;max_files&quot;:null,&quot;step_icon&quot;:null,&quot;field_value&quot;:&quot;&quot;},{&quot;_id&quot;:&quot;d0a2c48&quot;,&quot;type&quot;:&quot;tel&quot;,&quot;label&quot;:&quot;Num\\u00e9ro de t\\u00e9l\\u00e9phone&quot;,&quot;placeholder&quot;:&quot;Num\\u00e9ro de t\\u00e9l\\u00e9phone&quot;,&quot;acceptance_text&quot;:null,&quot;required&quot;:&quot;true&quot;,&quot;width&quot;:&quot;75&quot;,&quot;width_tablet&quot;:&quot;100&quot;,&quot;step_previous_button&quot;:null,&quot;step_next_button&quot;:null,&quot;field_custom_id&quot;:&quot;d0a2c48&quot;,&quot;recaptcha_badge&quot;:null,&quot;recaptcha_theme&quot;:null,&quot;recaptcha_size&quot;:null,&quot;checked_by_default&quot;:null,&quot;min_time&quot;:null,&quot;max_time&quot;:null,&quot;min_date&quot;:null,&quot;max_date&quot;:null,&quot;localization&quot;:null,&quot;min&quot;:null,&quot;max&quot;:null,&quot;field_options&quot;:null,&quot;inline_list&quot;:null,&quot;field_html&quot;:null,&quot;native_html5&quot;:null,&quot;multiple_selection&quot;:null,&quot;rows&quot;:null,&quot;iti_tel&quot;:&quot;&quot;,&quot;iti_tel_tel_type&quot;:null,&quot;iti_tel_require_area&quot;:null,&quot;iti_tel_allow_dropdown&quot;:null,&quot;iti_tel_country_include&quot;:null,&quot;iti_tel_ip_detect&quot;:null,&quot;iti_tel_internationalize&quot;:null,&quot;file_sizes&quot;:null,&quot;file_types&quot;:null,&quot;allow_multiple_upload&quot;:null,&quot;max_files&quot;:null,&quot;step_icon&quot;:null,&quot;field_value&quot;:&quot;&quot;},{&quot;label&quot;:&quot;Description de votre projet &quot;,&quot;type&quot;:&quot;textarea&quot;,&quot;placeholder&quot;:&quot;Description de votre projet &quot;,&quot;_id&quot;:&quot;3af5079&quot;,&quot;acceptance_text&quot;:null,&quot;rows&quot;:3,&quot;required&quot;:&quot;true&quot;,&quot;width&quot;:&quot;75&quot;,&quot;width_tablet&quot;:&quot;100&quot;,&quot;step_previous_button&quot;:null,&quot;step_next_button&quot;:null,&quot;field_custom_id&quot;:&quot;3af5079&quot;,&quot;recaptcha_badge&quot;:null,&quot;recaptcha_theme&quot;:null,&quot;recaptcha_size&quot;:null,&quot;checked_by_default&quot;:null,&quot;min_time&quot;:null,&quot;max_time&quot;:null,&quot;min_date&quot;:null,&quot;max_date&quot;:null,&quot;localization&quot;:null,&quot;min&quot;:null,&quot;max&quot;:null,&quot;field_options&quot;:null,&quot;inline_list&quot;:null,&quot;field_html&quot;:null,&quot;native_html5&quot;:null,&quot;multiple_selection&quot;:null,&quot;iti_tel&quot;:null,&quot;iti_tel_tel_type&quot;:null,&quot;iti_tel_require_area&quot;:null,&quot;iti_tel_allow_dropdown&quot;:null,&quot;iti_tel_country_include&quot;:null,&quot;iti_tel_ip_detect&quot;:null,&quot;iti_tel_internationalize&quot;:null,&quot;file_sizes&quot;:null,&quot;file_types&quot;:null,&quot;allow_multiple_upload&quot;:null,&quot;max_files&quot;:null,&quot;step_icon&quot;:null,&quot;field_value&quot;:&quot;&quot;},{&quot;_id&quot;:&quot;42f1d22&quot;,&quot;type&quot;:&quot;recaptcha_v3&quot;,&quot;recaptcha_badge&quot;:&quot;bottomright&quot;,&quot;acceptance_text&quot;:null,&quot;step_previous_button&quot;:null,&quot;step_next_button&quot;:null,&quot;field_custom_id&quot;:&quot;42f1d22&quot;,&quot;label&quot;:&quot;&quot;,&quot;placeholder&quot;:null,&quot;recaptcha_theme&quot;:null,&quot;recaptcha_size&quot;:null,&quot;checked_by_default&quot;:null,&quot;min_time&quot;:null,&quot;max_time&quot;:null,&quot;min_date&quot;:null,&quot;max_date&quot;:null,&quot;localization&quot;:null,&quot;min&quot;:null,&quot;max&quot;:null,&quot;field_options&quot;:null,&quot;inline_list&quot;:null,&quot;field_html&quot;:null,&quot;native_html5&quot;:null,&quot;multiple_selection&quot;:null,&quot;rows&quot;:null,&quot;required&quot;:null,&quot;iti_tel&quot;:null,&quot;iti_tel_tel_type&quot;:null,&quot;iti_tel_require_area&quot;:null,&quot;iti_tel_allow_dropdown&quot;:null,&quot;iti_tel_country_include&quot;:null,&quot;iti_tel_ip_detect&quot;:null,&quot;iti_tel_internationalize&quot;:null,&quot;file_sizes&quot;:null,&quot;file_types&quot;:null,&quot;allow_multiple_upload&quot;:null,&quot;max_files&quot;:null,&quot;step_icon&quot;:null,&quot;width&quot;:null,&quot;field_value&quot;:null}],&quot;steps_type&quot;:&quot;number&quot;,&quot;steps_icon_shape&quot;:&quot;circle&quot;}\" data-widget_type=\"raven-form.default\">\n\t\t\t\t<div class=\"elementor-widget-container\">\n\t\t\t\t\t\t\t<form class=\"raven-form raven-flex raven-flex-wrap raven-flex-bottom\" method=\"post\" name=\"New form\">\n\t\t\t<input type=\"hidden\" name=\"post_id\" value=\"2378\" \/>\n\t\t\t<input type=\"hidden\" name=\"form_id\" value=\"414cfcd\" \/>\n\t\t\t\t\t<div id=\"raven-field-group-5c47f0e\" class=\"raven-flex-wrap raven-field-type-text raven-field-group elementor-column elementor-col-75 raven-field-required elementor-md-100\">\n\t\t\t\t\t<input\n\t\t\toninput=\"onInvalidRavenFormField(event)\"\n\t\t\toninvalid=\"onInvalidRavenFormField(event)\"\n\t\t\ttype=\"text\" name=\"fields[5c47f0e]\" id=\"form-field-5c47f0e\" class=\"raven-field\" placeholder=\"Nom de l\u2019entreprise \" data-type=\"text\" data-custom-id=\"5c47f0e\" required=\"required\">\n\t\t\t\t<\/div>\n\t\t\t\t<div id=\"raven-field-group-af61d0a\" class=\"raven-flex-wrap raven-field-type-email raven-field-group elementor-column elementor-col-75 raven-field-required elementor-md-100\">\n\t\t\t\t\t<input\n\t\t\toninput=\"onInvalidRavenFormField(event)\"\n\t\t\toninvalid=\"onInvalidRavenFormField(event)\"\n\t\t\ttype=\"email\" name=\"fields[af61d0a]\" id=\"form-field-af61d0a\" class=\"raven-field\" placeholder=\"Adresse de courriel\" data-type=\"email\" data-custom-id=\"af61d0a\" required=\"required\">\n\t\t\t\t<\/div>\n\t\t\t\t<div id=\"raven-field-group-d0a2c48\" class=\"raven-flex-wrap raven-field-type-tel raven-field-group elementor-column elementor-col-75 raven-field-required elementor-md-100\">\n\t\t\t\t\t<input\n\t\t\toninput=\"onInvalidRavenFormField(event)\"\n\t\t\toninvalid=\"onInvalidRavenFormField(event)\"\n\t\t\ttype=\"tel\" name=\"fields[d0a2c48]\" id=\"form-field-d0a2c48\" class=\"raven-field\" placeholder=\"Num\u00e9ro de t\u00e9l\u00e9phone\" data-type=\"tel\" data-custom-id=\"d0a2c48\" required=\"required\" pattern=\"^[0-9\\-\\+\\s\\(\\)]*$\" title=\"The value should only consist numbers and phone characters (-, +, (), etc)\">\n\t\t\t\t<\/div>\n\t\t\t\t<div id=\"raven-field-group-3af5079\" class=\"raven-flex-wrap raven-field-type-textarea raven-field-group elementor-column elementor-col-75 raven-field-required elementor-md-100\">\n\t\t\t\t\t<textarea\n\t\t\toninput=\"onInvalidRavenFormField(event)\"\n\t\t\toninvalid=\"onInvalidRavenFormField(event)\"\n\t\t\ttype=\"textarea\" name=\"fields[3af5079]\" id=\"form-field-3af5079\" class=\"raven-field\" placeholder=\"Description de votre projet \" data-type=\"textarea\" data-custom-id=\"3af5079\" required=\"required\"\t\t\trows=\"3\"><\/textarea>\n\t\t\t\t<\/div>\n\t\t\t\t<div id=\"raven-field-group-42f1d22\" class=\"raven-flex-wrap raven-field-type-recaptcha_v3 raven-field-group elementor-column elementor-col-\">\n\t\t\t<div class=\"raven-field-subgroup\" id=\"form-field-42f1d22\" data-custom-id=\"42f1d22\"><div class=\"raven-g-recaptcha\" data-sitekey=\"6Lcva_YUAAAAAHly54yzQAPgk8RqqhXQTt5GsHZl\" data-badge=\"bottomright\" data-type=\"v3\" data-size=\"invisible\" data-action=\"Form\"><\/div><\/div>\t\t<\/div>\n\t\t\t\t\t\t\t<div class=\"raven-field-group raven-field-type-submit-button elementor-column elementor-col-40 elementor-md-66 elementor-sm-75\">\n\t\t\t\t\t\t\t\t\t<button class=\"raven-submit-button\" type=\"submit\">\n\t\t\t\t\t\t<span>Nous envoyer un message<\/span>\n\t\t<\/button>\n\t\t\t\t\t\t\t<\/div>\n\t\t\t\t<\/form>\n\n\t\t\t\t\t\t\t\t<\/div>\n\t\t\t\t<\/div>\n\t\t\t\t\t<\/div>\n\t\t<\/div>\n\t\t\t\t\t<\/div>\n\t\t<\/section>\n\t\t\t\t<\/div>\n\t\t","protected":false},"excerpt":{"rendered":"<p>\u00c9quipe virtuelleTorontoOttawaMontr\u00e9al\u00a0 Adresse postale1700, boul. Ren\u00e9-L\u00e9vesque O.,Bureau 606Montr\u00e9al (Qu\u00e9bec)Canada H3H 2V1 416.425.9143energipr@energipr.com Facebook-f Twitter Linkedin-in Instagram Faites-nous profiter de votre energi! Notre \u00e9quipe a l\u2019entrepreneuriat dans la peau. Nous valorisons la cr\u00e9ativit\u00e9, la responsabilisation et l\u2019excellence. Notre ind\u00e9pendance est le reflet de notre fa\u00e7on de penser, de notre processus d\u00e9cisionnel et de notre recherche de [&hellip;]<\/p>\n","protected":false},"author":1,"featured_media":0,"parent":0,"menu_order":0,"comment_status":"closed","ping_status":"closed","template":"full-width.php","meta":{"_acf_changed":false,"footnotes":""},"class_list":["post-2378","page","type-page","status-publish","hentry"],"acf":[],"_links":{"self":[{"href":"https:\/\/www.energipr.com\/fr\/wp-json\/wp\/v2\/pages\/2378","targetHints":{"allow":["GET"]}}],"collection":[{"href":"https:\/\/www.energipr.com\/fr\/wp-json\/wp\/v2\/pages"}],"about":[{"href":"https:\/\/www.energipr.com\/fr\/wp-json\/wp\/v2\/types\/page"}],"author":[{"embeddable":true,"href":"https:\/\/www.energipr.com\/fr\/wp-json\/wp\/v2\/users\/1"}],"replies":[{"embeddable":true,"href":"https:\/\/www.energipr.com\/fr\/wp-json\/wp\/v2\/comments?post=2378"}],"version-history":[{"count":15,"href":"https:\/\/www.energipr.com\/fr\/wp-json\/wp\/v2\/pages\/2378\/revisions"}],"predecessor-version":[{"id":4449,"href":"https:\/\/www.energipr.com\/fr\/wp-json\/wp\/v2\/pages\/2378\/revisions\/4449"}],"wp:attachment":[{"href":"https:\/\/www.energipr.com\/fr\/wp-json\/wp\/v2\/media?parent=2378"}],"curies":[{"name":"wp","href":"https:\/\/api.w.org\/{rel}","templated":true}]}}