{"id":2380,"date":"2020-03-31T15:35:56","date_gmt":"2020-03-31T19:35:56","guid":{"rendered":"https:\/\/www.energipr.com\/?page_id=2380"},"modified":"2021-08-17T13:08:49","modified_gmt":"2021-08-17T17:08:49","slug":"services","status":"publish","type":"page","link":"https:\/\/www.energipr.com\/fr\/services\/","title":{"rendered":"Services"},"content":{"rendered":"\t\t<div data-elementor-type=\"wp-post\" data-elementor-id=\"2380\" class=\"elementor elementor-2380 elementor-1110\">\n\t\t\t\t\t\t<section class=\"elementor-section elementor-top-section elementor-element elementor-element-f640d22 elementor-section-height-min-height elementor-section-content-top elementor-section-boxed elementor-section-height-default elementor-section-items-middle\" data-id=\"f640d22\" data-element_type=\"section\" data-e-type=\"section\" data-settings=\"{&quot;background_background&quot;:&quot;classic&quot;}\">\n\t\t\t\t\t\t<div class=\"elementor-container elementor-column-gap-default\">\n\t\t\t\t\t<div class=\"elementor-column elementor-col-100 elementor-top-column elementor-element elementor-element-8c4f6e6\" data-id=\"8c4f6e6\" data-element_type=\"column\" data-e-type=\"column\">\n\t\t\t<div class=\"elementor-widget-wrap elementor-element-populated\">\n\t\t\t\t\t\t<div class=\"elementor-element elementor-element-7853ae5 elementor-widget elementor-widget-text-editor\" data-id=\"7853ae5\" data-element_type=\"widget\" data-e-type=\"widget\" data-widget_type=\"text-editor.default\">\n\t\t\t\t<div class=\"elementor-widget-container\">\n\t\t\t\t\t\t\t\t\t<p style=\"text-align: center;\">D\u00e9couvrez comment <span style=\"color: #de4815;\">energi <\/span>b\u00e2tit des r\u00e9putations, \u00e9labore des strat\u00e9gies de fid\u00e9lisation et favorise le succ\u00e8s commercial.<\/p>\t\t\t\t\t\t\t\t<\/div>\n\t\t\t\t<\/div>\n\t\t\t\t\t<\/div>\n\t\t<\/div>\n\t\t\t\t\t<\/div>\n\t\t<\/section>\n\t\t\t\t<section class=\"elementor-section elementor-top-section elementor-element elementor-element-a273eb9 elementor-section-stretched elementor-section-full_width elementor-section-height-default elementor-section-height-default\" data-id=\"a273eb9\" data-element_type=\"section\" data-e-type=\"section\" data-settings=\"{&quot;background_background&quot;:&quot;classic&quot;,&quot;stretch_section&quot;:&quot;section-stretched&quot;}\">\n\t\t\t\t\t\t<div class=\"elementor-container elementor-column-gap-wide\">\n\t\t\t\t\t<div class=\"elementor-column elementor-col-50 elementor-top-column elementor-element elementor-element-565efdb home-chip\" data-id=\"565efdb\" data-element_type=\"column\" data-e-type=\"column\" data-settings=\"{&quot;background_background&quot;:&quot;classic&quot;}\">\n\t\t\t<div class=\"elementor-widget-wrap elementor-element-populated\">\n\t\t\t\t\t\t<div class=\"elementor-element elementor-element-7f292a8 elementor-widget elementor-widget-spacer\" data-id=\"7f292a8\" data-element_type=\"widget\" data-e-type=\"widget\" data-widget_type=\"spacer.default\">\n\t\t\t\t<div class=\"elementor-widget-container\">\n\t\t\t\t\t\t\t<div class=\"elementor-spacer\">\n\t\t\t<div class=\"elementor-spacer-inner\"><\/div>\n\t\t<\/div>\n\t\t\t\t\t\t<\/div>\n\t\t\t\t<\/div>\n\t\t\t\t\t<\/div>\n\t\t<\/div>\n\t\t\t\t<div class=\"elementor-column elementor-col-50 elementor-top-column elementor-element elementor-element-ec4dfd9 home-chip\" data-id=\"ec4dfd9\" data-element_type=\"column\" data-e-type=\"column\">\n\t\t\t<div class=\"elementor-widget-wrap elementor-element-populated\">\n\t\t\t\t\t<div class=\"elementor-background-overlay\"><\/div>\n\t\t\t\t\t\t<div class=\"elementor-element elementor-element-bc69b0b elementor-widget elementor-widget-heading\" data-id=\"bc69b0b\" data-element_type=\"widget\" data-e-type=\"widget\" data-widget_type=\"heading.default\">\n\t\t\t\t<div class=\"elementor-widget-container\">\n\t\t\t\t\t<h1 class=\"elementor-heading-title elementor-size-xl\">Relations publiques et communications<\/h1>\t\t\t\t<\/div>\n\t\t\t\t<\/div>\n\t\t\t\t<div class=\"elementor-element elementor-element-bd44c35 elementor-hidden-tablet elementor-hidden-phone elementor-widget elementor-widget-spacer\" data-id=\"bd44c35\" data-element_type=\"widget\" data-e-type=\"widget\" data-widget_type=\"spacer.default\">\n\t\t\t\t<div class=\"elementor-widget-container\">\n\t\t\t\t\t\t\t<div class=\"elementor-spacer\">\n\t\t\t<div class=\"elementor-spacer-inner\"><\/div>\n\t\t<\/div>\n\t\t\t\t\t\t<\/div>\n\t\t\t\t<\/div>\n\t\t\t\t<div class=\"elementor-element elementor-element-0a8e312 elementor-widget elementor-widget-heading\" data-id=\"0a8e312\" data-element_type=\"widget\" data-e-type=\"widget\" data-widget_type=\"heading.default\">\n\t\t\t\t<div class=\"elementor-widget-container\">\n\t\t\t\t\t<h4 class=\"elementor-heading-title elementor-size-default\">COMP\u00c9TENCES<\/h4>\t\t\t\t<\/div>\n\t\t\t\t<\/div>\n\t\t\t\t<div class=\"elementor-element elementor-element-3ac7fed elementor-widget elementor-widget-text-editor\" data-id=\"3ac7fed\" data-element_type=\"widget\" data-e-type=\"widget\" data-widget_type=\"text-editor.default\">\n\t\t\t\t<div class=\"elementor-widget-container\">\n\t\t\t\t\t\t\t\t\t<ul><li style=\"text-align: left;\">Publicit\u00e9 engag\u00e9e<\/li><li style=\"text-align: left;\">Communications d\u2019entreprise et gestion de la r\u00e9putation<\/li><li style=\"text-align: left;\">Gestion de crise<\/li><li style=\"text-align: left;\">Cr\u00e9ation et direction artistique<\/li><li style=\"text-align: left;\">\u00c9laboration et ex\u00e9cution de strat\u00e9gies num\u00e9riques et sociales<\/li><li style=\"text-align: left;\">Organisation d\u2019\u00e9v\u00e9nements<\/li><li style=\"text-align: left;\">Campagnes d\u2019influenceurs<\/li><li style=\"text-align: left;\">Relations avec les m\u00e9dias, formation en m\u00e9dias<\/li><li style=\"text-align: left;\">Surveillance des r\u00e9seaux sociaux<\/li><li style=\"text-align: left;\">Relations avec les parties prenantes<\/li><li style=\"text-align: left;\">Recherche<\/li><li style=\"text-align: left;\">Communications avec les patients et les professionnels de la sant\u00e9<\/li><li style=\"text-align: left;\">Responsabilit\u00e9 sociale des entreprises<\/li><\/ul>\t\t\t\t\t\t\t\t<\/div>\n\t\t\t\t<\/div>\n\t\t\t\t<div class=\"elementor-element elementor-element-f013a08 elementor-hidden-tablet elementor-hidden-phone elementor-widget elementor-widget-spacer\" data-id=\"f013a08\" data-element_type=\"widget\" data-e-type=\"widget\" data-widget_type=\"spacer.default\">\n\t\t\t\t<div class=\"elementor-widget-container\">\n\t\t\t\t\t\t\t<div class=\"elementor-spacer\">\n\t\t\t<div class=\"elementor-spacer-inner\"><\/div>\n\t\t<\/div>\n\t\t\t\t\t\t<\/div>\n\t\t\t\t<\/div>\n\t\t\t\t<div class=\"elementor-element elementor-element-d5fc48e elementor-widget elementor-widget-heading\" data-id=\"d5fc48e\" data-element_type=\"widget\" data-e-type=\"widget\" data-widget_type=\"heading.default\">\n\t\t\t\t<div class=\"elementor-widget-container\">\n\t\t\t\t\t<h4 class=\"elementor-heading-title elementor-size-default\">EXPERTISES<\/h4>\t\t\t\t<\/div>\n\t\t\t\t<\/div>\n\t\t\t\t<div class=\"elementor-element elementor-element-f8ca323 elementor-widget elementor-widget-text-editor\" data-id=\"f8ca323\" data-element_type=\"widget\" data-e-type=\"widget\" data-widget_type=\"text-editor.default\">\n\t\t\t\t<div class=\"elementor-widget-container\">\n\t\t\t\t\t\t\t\t\t<ul><li style=\"text-align: left;\">Sant\u00e9 et bien-\u00eatre des consommateurs<\/li><li style=\"text-align: left;\">Industries pharmaceutique et biopharmaceutique<\/li><li style=\"text-align: left;\">Technologies m\u00e9dicales<\/li><li style=\"text-align: left;\">Mode de vie<\/li><li style=\"text-align: left;\">Voyage et tourisme<\/li><li style=\"text-align: left;\">Aliments et boissons<\/li><li style=\"text-align: left;\">Cannabis<\/li><li style=\"text-align: left;\">Biens de consommation emball\u00e9s<\/li><li style=\"text-align: left;\">Beaut\u00e9 et mode<\/li><\/ul>\t\t\t\t\t\t\t\t<\/div>\n\t\t\t\t<\/div>\n\t\t\t\t\t<\/div>\n\t\t<\/div>\n\t\t\t\t\t<\/div>\n\t\t<\/section>\n\t\t\t\t<section class=\"elementor-section elementor-top-section elementor-element elementor-element-7437f28 elementor-section-boxed elementor-section-height-default elementor-section-height-default\" data-id=\"7437f28\" data-element_type=\"section\" data-e-type=\"section\">\n\t\t\t\t\t\t<div class=\"elementor-container elementor-column-gap-default\">\n\t\t\t\t\t<div class=\"elementor-column elementor-col-100 elementor-top-column elementor-element elementor-element-59e2790\" data-id=\"59e2790\" data-element_type=\"column\" data-e-type=\"column\">\n\t\t\t<div class=\"elementor-widget-wrap elementor-element-populated\">\n\t\t\t\t\t\t<div class=\"elementor-element elementor-element-c265f3d elementor-widget elementor-widget-spacer\" data-id=\"c265f3d\" data-element_type=\"widget\" data-e-type=\"widget\" data-widget_type=\"spacer.default\">\n\t\t\t\t<div class=\"elementor-widget-container\">\n\t\t\t\t\t\t\t<div class=\"elementor-spacer\">\n\t\t\t<div class=\"elementor-spacer-inner\"><\/div>\n\t\t<\/div>\n\t\t\t\t\t\t<\/div>\n\t\t\t\t<\/div>\n\t\t\t\t\t<\/div>\n\t\t<\/div>\n\t\t\t\t\t<\/div>\n\t\t<\/section>\n\t\t\t\t<section class=\"elementor-section elementor-top-section elementor-element elementor-element-057e9b6 elementor-section-boxed elementor-section-height-default elementor-section-height-default\" data-id=\"057e9b6\" data-element_type=\"section\" data-e-type=\"section\">\n\t\t\t\t\t\t<div class=\"elementor-container elementor-column-gap-default\">\n\t\t\t\t\t<div class=\"elementor-column elementor-col-50 elementor-top-column elementor-element elementor-element-f0eea0c\" data-id=\"f0eea0c\" data-element_type=\"column\" data-e-type=\"column\">\n\t\t\t<div class=\"elementor-widget-wrap elementor-element-populated\">\n\t\t\t\t\t\t<div class=\"elementor-element elementor-element-338a357 elementor-widget elementor-widget-text-editor\" data-id=\"338a357\" data-element_type=\"widget\" data-e-type=\"widget\" data-widget_type=\"text-editor.default\">\n\t\t\t\t<div class=\"elementor-widget-container\">\n\t\t\t\t\t\t\t\t\t<h2 style=\"text-align: left;\">Notre <span style=\"color: #de4815;\">energi <\/span>nous permet de toujours \u00eatre \u00e0 l\u2019\u00e9coute.<\/h2><p style=\"text-align: left;\"><span style=\"margin-top: 8px; display: block;\">L\u2019\u00e9coute est la fondation m\u00eame des communications hautement sp\u00e9cialis\u00e9es. <br \/>Joignez-vous \u00e0 nous d\u00e8s aujourd\u2019hui.<br \/><\/span><\/p>\t\t\t\t\t\t\t\t<\/div>\n\t\t\t\t<\/div>\n\t\t\t\t\t<\/div>\n\t\t<\/div>\n\t\t\t\t<div class=\"elementor-column elementor-col-50 elementor-top-column elementor-element elementor-element-bddb157\" data-id=\"bddb157\" data-element_type=\"column\" data-e-type=\"column\">\n\t\t\t<div class=\"elementor-widget-wrap elementor-element-populated\">\n\t\t\t\t\t\t<div class=\"elementor-element elementor-element-9589afb raven-form-button-align-spaced elementor-widget elementor-widget-raven-form\" data-id=\"9589afb\" data-element_type=\"widget\" data-e-type=\"widget\" data-settings=\"{&quot;fields&quot;:[{&quot;label&quot;:&quot;Nom de l\\u2019entreprise &quot;,&quot;placeholder&quot;:&quot;Nom de l\\u2019entreprise &quot;,&quot;_id&quot;:&quot;5c47f0e&quot;,&quot;acceptance_text&quot;:null,&quot;required&quot;:&quot;true&quot;,&quot;width&quot;:&quot;75&quot;,&quot;width_tablet&quot;:&quot;100&quot;,&quot;field_custom_id&quot;:&quot;5c47f0e&quot;,&quot;type&quot;:&quot;text&quot;,&quot;recaptcha_badge&quot;:null,&quot;recaptcha_theme&quot;:null,&quot;recaptcha_size&quot;:null,&quot;checked_by_default&quot;:null,&quot;min_time&quot;:null,&quot;max_time&quot;:null,&quot;min_date&quot;:null,&quot;max_date&quot;:null,&quot;localization&quot;:null,&quot;min&quot;:null,&quot;max&quot;:null,&quot;field_options&quot;:null,&quot;inline_list&quot;:null,&quot;field_html&quot;:null,&quot;native_html5&quot;:null,&quot;multiple_selection&quot;:null,&quot;rows&quot;:null,&quot;iti_tel&quot;:null,&quot;iti_tel_tel_type&quot;:null,&quot;iti_tel_require_area&quot;:null,&quot;iti_tel_allow_dropdown&quot;:null,&quot;iti_tel_country_include&quot;:null,&quot;iti_tel_ip_detect&quot;:null,&quot;iti_tel_internationalize&quot;:null,&quot;file_sizes&quot;:null,&quot;file_types&quot;:null,&quot;allow_multiple_upload&quot;:null,&quot;max_files&quot;:null,&quot;step_previous_button&quot;:null,&quot;step_next_button&quot;:null,&quot;step_icon&quot;:null,&quot;field_value&quot;:&quot;&quot;},{&quot;label&quot;:&quot;Adresse de courriel&quot;,&quot;type&quot;:&quot;email&quot;,&quot;placeholder&quot;:&quot;Adresse de courriel&quot;,&quot;required&quot;:&quot;true&quot;,&quot;_id&quot;:&quot;af61d0a&quot;,&quot;acceptance_text&quot;:null,&quot;width&quot;:&quot;75&quot;,&quot;width_tablet&quot;:&quot;100&quot;,&quot;field_custom_id&quot;:&quot;af61d0a&quot;,&quot;recaptcha_badge&quot;:null,&quot;recaptcha_theme&quot;:null,&quot;recaptcha_size&quot;:null,&quot;checked_by_default&quot;:null,&quot;min_time&quot;:null,&quot;max_time&quot;:null,&quot;min_date&quot;:null,&quot;max_date&quot;:null,&quot;localization&quot;:null,&quot;min&quot;:null,&quot;max&quot;:null,&quot;field_options&quot;:null,&quot;inline_list&quot;:null,&quot;field_html&quot;:null,&quot;native_html5&quot;:null,&quot;multiple_selection&quot;:null,&quot;rows&quot;:null,&quot;iti_tel&quot;:null,&quot;iti_tel_tel_type&quot;:null,&quot;iti_tel_require_area&quot;:null,&quot;iti_tel_allow_dropdown&quot;:null,&quot;iti_tel_country_include&quot;:null,&quot;iti_tel_ip_detect&quot;:null,&quot;iti_tel_internationalize&quot;:null,&quot;file_sizes&quot;:null,&quot;file_types&quot;:null,&quot;allow_multiple_upload&quot;:null,&quot;max_files&quot;:null,&quot;step_previous_button&quot;:null,&quot;step_next_button&quot;:null,&quot;step_icon&quot;:null,&quot;field_value&quot;:&quot;&quot;},{&quot;_id&quot;:&quot;d0a2c48&quot;,&quot;type&quot;:&quot;tel&quot;,&quot;label&quot;:&quot;Num\\u00e9ro de t\\u00e9l\\u00e9phone&quot;,&quot;placeholder&quot;:&quot;Num\\u00e9ro de t\\u00e9l\\u00e9phone&quot;,&quot;acceptance_text&quot;:null,&quot;required&quot;:&quot;true&quot;,&quot;width&quot;:&quot;75&quot;,&quot;width_tablet&quot;:&quot;100&quot;,&quot;field_custom_id&quot;:&quot;d0a2c48&quot;,&quot;recaptcha_badge&quot;:null,&quot;recaptcha_theme&quot;:null,&quot;recaptcha_size&quot;:null,&quot;checked_by_default&quot;:null,&quot;min_time&quot;:null,&quot;max_time&quot;:null,&quot;min_date&quot;:null,&quot;max_date&quot;:null,&quot;localization&quot;:null,&quot;min&quot;:null,&quot;max&quot;:null,&quot;field_options&quot;:null,&quot;inline_list&quot;:null,&quot;field_html&quot;:null,&quot;native_html5&quot;:null,&quot;multiple_selection&quot;:null,&quot;rows&quot;:null,&quot;iti_tel&quot;:&quot;&quot;,&quot;iti_tel_tel_type&quot;:null,&quot;iti_tel_require_area&quot;:null,&quot;iti_tel_allow_dropdown&quot;:null,&quot;iti_tel_country_include&quot;:null,&quot;iti_tel_ip_detect&quot;:null,&quot;iti_tel_internationalize&quot;:null,&quot;file_sizes&quot;:null,&quot;file_types&quot;:null,&quot;allow_multiple_upload&quot;:null,&quot;max_files&quot;:null,&quot;step_previous_button&quot;:null,&quot;step_next_button&quot;:null,&quot;step_icon&quot;:null,&quot;field_value&quot;:&quot;&quot;},{&quot;label&quot;:&quot;Description de votre projet &quot;,&quot;type&quot;:&quot;textarea&quot;,&quot;placeholder&quot;:&quot;Description de votre projet &quot;,&quot;_id&quot;:&quot;3af5079&quot;,&quot;acceptance_text&quot;:null,&quot;rows&quot;:3,&quot;required&quot;:&quot;true&quot;,&quot;width&quot;:&quot;75&quot;,&quot;width_tablet&quot;:&quot;100&quot;,&quot;field_custom_id&quot;:&quot;3af5079&quot;,&quot;recaptcha_badge&quot;:null,&quot;recaptcha_theme&quot;:null,&quot;recaptcha_size&quot;:null,&quot;checked_by_default&quot;:null,&quot;min_time&quot;:null,&quot;max_time&quot;:null,&quot;min_date&quot;:null,&quot;max_date&quot;:null,&quot;localization&quot;:null,&quot;min&quot;:null,&quot;max&quot;:null,&quot;field_options&quot;:null,&quot;inline_list&quot;:null,&quot;field_html&quot;:null,&quot;native_html5&quot;:null,&quot;multiple_selection&quot;:null,&quot;iti_tel&quot;:null,&quot;iti_tel_tel_type&quot;:null,&quot;iti_tel_require_area&quot;:null,&quot;iti_tel_allow_dropdown&quot;:null,&quot;iti_tel_country_include&quot;:null,&quot;iti_tel_ip_detect&quot;:null,&quot;iti_tel_internationalize&quot;:null,&quot;file_sizes&quot;:null,&quot;file_types&quot;:null,&quot;allow_multiple_upload&quot;:null,&quot;max_files&quot;:null,&quot;step_previous_button&quot;:null,&quot;step_next_button&quot;:null,&quot;step_icon&quot;:null,&quot;field_value&quot;:&quot;&quot;},{&quot;_id&quot;:&quot;889c945&quot;,&quot;type&quot;:&quot;recaptcha_v3&quot;,&quot;recaptcha_badge&quot;:&quot;bottomright&quot;,&quot;acceptance_text&quot;:null,&quot;field_custom_id&quot;:&quot;889c945&quot;,&quot;label&quot;:&quot;&quot;,&quot;placeholder&quot;:null,&quot;recaptcha_theme&quot;:null,&quot;recaptcha_size&quot;:null,&quot;checked_by_default&quot;:null,&quot;min_time&quot;:null,&quot;max_time&quot;:null,&quot;min_date&quot;:null,&quot;max_date&quot;:null,&quot;localization&quot;:null,&quot;min&quot;:null,&quot;max&quot;:null,&quot;field_options&quot;:null,&quot;inline_list&quot;:null,&quot;field_html&quot;:null,&quot;native_html5&quot;:null,&quot;multiple_selection&quot;:null,&quot;rows&quot;:null,&quot;required&quot;:null,&quot;iti_tel&quot;:null,&quot;iti_tel_tel_type&quot;:null,&quot;iti_tel_require_area&quot;:null,&quot;iti_tel_allow_dropdown&quot;:null,&quot;iti_tel_country_include&quot;:null,&quot;iti_tel_ip_detect&quot;:null,&quot;iti_tel_internationalize&quot;:null,&quot;file_sizes&quot;:null,&quot;file_types&quot;:null,&quot;allow_multiple_upload&quot;:null,&quot;max_files&quot;:null,&quot;step_previous_button&quot;:null,&quot;step_next_button&quot;:null,&quot;step_icon&quot;:null,&quot;width&quot;:null,&quot;field_value&quot;:null}],&quot;steps_type&quot;:&quot;number&quot;,&quot;steps_icon_shape&quot;:&quot;circle&quot;}\" data-widget_type=\"raven-form.default\">\n\t\t\t\t<div class=\"elementor-widget-container\">\n\t\t\t\t\t\t\t<form class=\"raven-form raven-flex raven-flex-wrap raven-flex-bottom\" method=\"post\" name=\"New form\">\n\t\t\t<input type=\"hidden\" name=\"post_id\" value=\"2380\" \/>\n\t\t\t<input type=\"hidden\" name=\"form_id\" value=\"9589afb\" \/>\n\t\t\t\t\t<div id=\"raven-field-group-5c47f0e\" class=\"raven-flex-wrap raven-field-type-text raven-field-group elementor-column elementor-col-75 raven-field-required elementor-md-100\">\n\t\t\t\t\t<input\n\t\t\toninput=\"onInvalidRavenFormField(event)\"\n\t\t\toninvalid=\"onInvalidRavenFormField(event)\"\n\t\t\ttype=\"text\" name=\"fields[5c47f0e]\" id=\"form-field-5c47f0e\" class=\"raven-field\" placeholder=\"Nom de l\u2019entreprise \" data-type=\"text\" data-custom-id=\"5c47f0e\" required=\"required\">\n\t\t\t\t<\/div>\n\t\t\t\t<div id=\"raven-field-group-af61d0a\" class=\"raven-flex-wrap raven-field-type-email raven-field-group elementor-column elementor-col-75 raven-field-required elementor-md-100\">\n\t\t\t\t\t<input\n\t\t\toninput=\"onInvalidRavenFormField(event)\"\n\t\t\toninvalid=\"onInvalidRavenFormField(event)\"\n\t\t\ttype=\"email\" name=\"fields[af61d0a]\" id=\"form-field-af61d0a\" class=\"raven-field\" placeholder=\"Adresse de courriel\" data-type=\"email\" data-custom-id=\"af61d0a\" required=\"required\">\n\t\t\t\t<\/div>\n\t\t\t\t<div id=\"raven-field-group-d0a2c48\" class=\"raven-flex-wrap raven-field-type-tel raven-field-group elementor-column elementor-col-75 raven-field-required elementor-md-100\">\n\t\t\t\t\t<input\n\t\t\toninput=\"onInvalidRavenFormField(event)\"\n\t\t\toninvalid=\"onInvalidRavenFormField(event)\"\n\t\t\ttype=\"tel\" name=\"fields[d0a2c48]\" id=\"form-field-d0a2c48\" class=\"raven-field\" placeholder=\"Num\u00e9ro de t\u00e9l\u00e9phone\" data-type=\"tel\" data-custom-id=\"d0a2c48\" required=\"required\" pattern=\"^[0-9\\-\\+\\s\\(\\)]*$\" title=\"The value should only consist numbers and phone characters (-, +, (), etc)\">\n\t\t\t\t<\/div>\n\t\t\t\t<div id=\"raven-field-group-3af5079\" class=\"raven-flex-wrap raven-field-type-textarea raven-field-group elementor-column elementor-col-75 raven-field-required elementor-md-100\">\n\t\t\t\t\t<textarea\n\t\t\toninput=\"onInvalidRavenFormField(event)\"\n\t\t\toninvalid=\"onInvalidRavenFormField(event)\"\n\t\t\ttype=\"textarea\" name=\"fields[3af5079]\" id=\"form-field-3af5079\" class=\"raven-field\" placeholder=\"Description de votre projet \" data-type=\"textarea\" data-custom-id=\"3af5079\" required=\"required\"\t\t\trows=\"3\"><\/textarea>\n\t\t\t\t<\/div>\n\t\t\t\t<div id=\"raven-field-group-889c945\" class=\"raven-flex-wrap raven-field-type-recaptcha_v3 raven-field-group elementor-column elementor-col-\">\n\t\t\t<div class=\"raven-field-subgroup\" id=\"form-field-889c945\" data-custom-id=\"889c945\"><div class=\"raven-g-recaptcha\" data-sitekey=\"6Lcva_YUAAAAAHly54yzQAPgk8RqqhXQTt5GsHZl\" data-badge=\"bottomright\" data-type=\"v3\" data-size=\"invisible\" data-action=\"Form\"><\/div><\/div>\t\t<\/div>\n\t\t\t\t\t\t\t<div class=\"raven-field-group raven-field-type-submit-button elementor-column elementor-col-40 elementor-md-66 elementor-sm-75\">\n\t\t\t\t\t\t\t\t\t<button class=\"raven-submit-button\" type=\"submit\">\n\t\t\t\t\t\t<span>Nous envoyer un message<\/span>\n\t\t<\/button>\n\t\t\t\t\t\t\t<\/div>\n\t\t\t\t<\/form>\n\n\t\t\t\t\t\t\t\t<\/div>\n\t\t\t\t<\/div>\n\t\t\t\t\t<\/div>\n\t\t<\/div>\n\t\t\t\t\t<\/div>\n\t\t<\/section>\n\t\t\t\t<\/div>\n\t\t","protected":false},"excerpt":{"rendered":"<p>D\u00e9couvrez comment energi b\u00e2tit des r\u00e9putations, \u00e9labore des strat\u00e9gies de fid\u00e9lisation et favorise le succ\u00e8s commercial. Relations publiques et communications COMP\u00c9TENCES Publicit\u00e9 engag\u00e9e Communications d\u2019entreprise et gestion de la r\u00e9putation Gestion de crise Cr\u00e9ation et direction artistique \u00c9laboration et ex\u00e9cution de strat\u00e9gies num\u00e9riques et sociales Organisation d\u2019\u00e9v\u00e9nements Campagnes d\u2019influenceurs Relations avec les m\u00e9dias, formation en [&hellip;]<\/p>\n","protected":false},"author":1,"featured_media":0,"parent":0,"menu_order":0,"comment_status":"closed","ping_status":"closed","template":"full-width.php","meta":{"_acf_changed":false,"footnotes":""},"class_list":["post-2380","page","type-page","status-publish","hentry"],"acf":[],"_links":{"self":[{"href":"https:\/\/www.energipr.com\/fr\/wp-json\/wp\/v2\/pages\/2380","targetHints":{"allow":["GET"]}}],"collection":[{"href":"https:\/\/www.energipr.com\/fr\/wp-json\/wp\/v2\/pages"}],"about":[{"href":"https:\/\/www.energipr.com\/fr\/wp-json\/wp\/v2\/types\/page"}],"author":[{"embeddable":true,"href":"https:\/\/www.energipr.com\/fr\/wp-json\/wp\/v2\/users\/1"}],"replies":[{"embeddable":true,"href":"https:\/\/www.energipr.com\/fr\/wp-json\/wp\/v2\/comments?post=2380"}],"version-history":[{"count":0,"href":"https:\/\/www.energipr.com\/fr\/wp-json\/wp\/v2\/pages\/2380\/revisions"}],"wp:attachment":[{"href":"https:\/\/www.energipr.com\/fr\/wp-json\/wp\/v2\/media?parent=2380"}],"curies":[{"name":"wp","href":"https:\/\/api.w.org\/{rel}","templated":true}]}}